{"id":9,"date":"2024-08-25T19:42:20","date_gmt":"2024-08-25T19:42:20","guid":{"rendered":"https:\/\/zavjeseprofeta.hr\/?page_id=9"},"modified":"2026-03-03T23:04:05","modified_gmt":"2026-03-03T23:04:05","slug":"naslovna","status":"publish","type":"page","link":"https:\/\/zavjeseprofeta.hr\/","title":{"rendered":"Naslovna"},"content":{"rendered":"\t\t<div data-elementor-type=\"wp-page\" data-elementor-id=\"9\" class=\"elementor elementor-9\">\n\t\t\t\t<div class=\"elementor-element elementor-element-47777ee e-con-full e-flex e-con e-parent\" data-id=\"47777ee\" data-element_type=\"container\" data-e-type=\"container\">\n\t\t\t\t<div class=\"elementor-element elementor-element-be48687 elementor-widget__width-inherit elementor-arrows-position-inside elementor-pagination-position-outside elementor-widget elementor-widget-image-carousel\" data-id=\"be48687\" data-element_type=\"widget\" data-e-type=\"widget\" data-settings=\"{&quot;slides_to_show&quot;:&quot;1&quot;,&quot;navigation&quot;:&quot;both&quot;,&quot;autoplay&quot;:&quot;yes&quot;,&quot;pause_on_hover&quot;:&quot;yes&quot;,&quot;pause_on_interaction&quot;:&quot;yes&quot;,&quot;autoplay_speed&quot;:5000,&quot;infinite&quot;:&quot;yes&quot;,&quot;effect&quot;:&quot;slide&quot;,&quot;speed&quot;:500}\" data-widget_type=\"image-carousel.default\">\n\t\t\t\t<div class=\"elementor-widget-container\">\n\t\t\t\t\t\t\t<div class=\"elementor-image-carousel-wrapper swiper\" role=\"region\" aria-roledescription=\"carousel\" aria-label=\"Image Carousel\" dir=\"ltr\">\n\t\t\t<div class=\"elementor-image-carousel swiper-wrapper swiper-image-stretch\" aria-live=\"off\">\n\t\t\t\t\t\t\t\t<div class=\"swiper-slide\" role=\"group\" aria-roledescription=\"slide\" aria-label=\"1 of 5\"><figure class=\"swiper-slide-inner\"><img decoding=\"async\" class=\"swiper-slide-image\" src=\"https:\/\/zavjeseprofeta.hr\/wp-content\/uploads\/2024\/08\/20220412_114820-2048x1536.jpg\" alt=\"20220412_114820\" \/><\/figure><\/div><div class=\"swiper-slide\" role=\"group\" aria-roledescription=\"slide\" aria-label=\"2 of 5\"><figure class=\"swiper-slide-inner\"><img decoding=\"async\" class=\"swiper-slide-image\" src=\"https:\/\/zavjeseprofeta.hr\/wp-content\/uploads\/2024\/08\/20221013_141010-2048x1536.jpg\" alt=\"20221013_141010\" \/><\/figure><\/div><div class=\"swiper-slide\" role=\"group\" aria-roledescription=\"slide\" aria-label=\"3 of 5\"><figure class=\"swiper-slide-inner\"><img decoding=\"async\" class=\"swiper-slide-image\" src=\"https:\/\/zavjeseprofeta.hr\/wp-content\/uploads\/2024\/08\/20230626_155113-2048x1536.jpg\" alt=\"20230626_155113\" \/><\/figure><\/div><div class=\"swiper-slide\" role=\"group\" aria-roledescription=\"slide\" aria-label=\"4 of 5\"><figure class=\"swiper-slide-inner\"><img decoding=\"async\" class=\"swiper-slide-image\" src=\"https:\/\/zavjeseprofeta.hr\/wp-content\/uploads\/2024\/08\/IMG-20211117-WA0004.jpg\" alt=\"IMG-20211117-WA0004\" \/><\/figure><\/div><div class=\"swiper-slide\" role=\"group\" aria-roledescription=\"slide\" aria-label=\"5 of 5\"><figure class=\"swiper-slide-inner\"><img decoding=\"async\" class=\"swiper-slide-image\" src=\"https:\/\/zavjeseprofeta.hr\/wp-content\/uploads\/2024\/08\/IMG-20211117-WA0009.jpg\" alt=\"IMG-20211117-WA0009\" \/><\/figure><\/div>\t\t\t<\/div>\n\t\t\t\t\t\t\t\t\t\t\t\t<div class=\"elementor-swiper-button elementor-swiper-button-prev\" role=\"button\" tabindex=\"0\">\n\t\t\t\t\t\t<svg aria-hidden=\"true\" class=\"e-font-icon-svg e-eicon-chevron-left\" viewBox=\"0 0 1000 1000\" xmlns=\"http:\/\/www.w3.org\/2000\/svg\"><path d=\"M646 125C629 125 613 133 604 142L308 442C296 454 292 471 292 487 292 504 296 521 308 533L604 854C617 867 629 875 646 875 663 875 679 871 692 858 704 846 713 829 713 812 713 796 708 779 692 767L438 487 692 225C700 217 708 204 708 187 708 171 704 154 692 142 675 129 663 125 646 125Z\"><\/path><\/svg>\t\t\t\t\t<\/div>\n\t\t\t\t\t<div class=\"elementor-swiper-button elementor-swiper-button-next\" role=\"button\" tabindex=\"0\">\n\t\t\t\t\t\t<svg aria-hidden=\"true\" class=\"e-font-icon-svg e-eicon-chevron-right\" viewBox=\"0 0 1000 1000\" xmlns=\"http:\/\/www.w3.org\/2000\/svg\"><path d=\"M696 533C708 521 713 504 713 487 713 471 708 454 696 446L400 146C388 133 375 125 354 125 338 125 325 129 313 142 300 154 292 171 292 187 292 204 296 221 308 233L563 492 304 771C292 783 288 800 288 817 288 833 296 850 308 863 321 871 338 875 354 875 371 875 388 867 400 854L696 533Z\"><\/path><\/svg>\t\t\t\t\t<\/div>\n\t\t\t\t\n\t\t\t\t\t\t\t\t\t<div class=\"swiper-pagination\"><\/div>\n\t\t\t\t\t\t\t\t\t<\/div>\n\t\t\t\t\t\t<\/div>\n\t\t\t\t<\/div>\n\t\t\t\t<\/div>\n\t\t<div class=\"elementor-element elementor-element-2814f2f e-con-full e-flex e-con e-parent\" data-id=\"2814f2f\" data-element_type=\"container\" data-e-type=\"container\">\n\t\t<div class=\"elementor-element elementor-element-ccfde59 e-con-full e-flex e-con e-child\" data-id=\"ccfde59\" data-element_type=\"container\" data-e-type=\"container\">\n\t\t\t\t<div class=\"elementor-element elementor-element-4c832bb elementor-widget elementor-widget-image\" data-id=\"4c832bb\" data-element_type=\"widget\" data-e-type=\"widget\" data-widget_type=\"image.default\">\n\t\t\t\t<div class=\"elementor-widget-container\">\n\t\t\t\t\t\t\t\t\t\t\t\t\t\t\t<img fetchpriority=\"high\" decoding=\"async\" width=\"1024\" height=\"576\" src=\"https:\/\/zavjeseprofeta.hr\/wp-content\/uploads\/2024\/09\/salon-zavjesa-profeta-1024x576.jpg\" class=\"attachment-large size-large wp-image-47\" alt=\"\" srcset=\"https:\/\/zavjeseprofeta.hr\/wp-content\/uploads\/2024\/09\/salon-zavjesa-profeta-1024x576.jpg 1024w, https:\/\/zavjeseprofeta.hr\/wp-content\/uploads\/2024\/09\/salon-zavjesa-profeta-300x169.jpg 300w, https:\/\/zavjeseprofeta.hr\/wp-content\/uploads\/2024\/09\/salon-zavjesa-profeta-768x432.jpg 768w, https:\/\/zavjeseprofeta.hr\/wp-content\/uploads\/2024\/09\/salon-zavjesa-profeta-1536x864.jpg 1536w, https:\/\/zavjeseprofeta.hr\/wp-content\/uploads\/2024\/09\/salon-zavjesa-profeta.jpg 2048w\" sizes=\"(max-width: 1024px) 100vw, 1024px\" \/>\t\t\t\t\t\t\t\t\t\t\t\t\t\t\t<\/div>\n\t\t\t\t<\/div>\n\t\t\t\t<\/div>\n\t\t<div class=\"elementor-element elementor-element-746fa52 e-con-full e-flex e-con e-child\" data-id=\"746fa52\" data-element_type=\"container\" data-e-type=\"container\">\n\t\t<div class=\"elementor-element elementor-element-eb1848a e-con-full e-flex e-con e-child\" data-id=\"eb1848a\" data-element_type=\"container\" data-e-type=\"container\">\n\t\t\t\t<div class=\"elementor-element elementor-element-98901ac elementor-widget elementor-widget-heading\" data-id=\"98901ac\" data-element_type=\"widget\" data-e-type=\"widget\" data-widget_type=\"heading.default\">\n\t\t\t\t<div class=\"elementor-widget-container\">\n\t\t\t\t\t<h2 class=\"elementor-heading-title elementor-size-default\">O nama <\/h2>\t\t\t\t<\/div>\n\t\t\t\t<\/div>\n\t\t\t\t<\/div>\n\t\t<div class=\"elementor-element elementor-element-d4543e9 e-con-full e-flex e-con e-child\" data-id=\"d4543e9\" data-element_type=\"container\" data-e-type=\"container\">\n\t\t\t\t<div class=\"elementor-element elementor-element-bfd021d elementor-widget elementor-widget-text-editor\" data-id=\"bfd021d\" data-element_type=\"widget\" data-e-type=\"widget\" data-widget_type=\"text-editor.default\">\n\t\t\t\t<div class=\"elementor-widget-container\">\n\t\t\t\t\t\t\t\t\t<p>Salon zavjesa \u201eProfeta\u201c na tr\u017ei\u0161tu posluje od 2003. godine. Od otvorenja pa sve do danas svojim savjetima i proizvodima uredili smo mnogobrojna ku\u0107anstva i poslovne prostore. Zavjese su posljednji detalj u ure\u0111enju Va\u0161eg prostora, te \u0107e pravilan izbor zavjesa u\u010diniti Va\u0161 dom ili poslovni prostor ugodnim za \u017eivot. Nudimo veliki izbor zavjesa, karni\u0161a, dekora, alu \u017ealuzina, trakastih zavjesa, panel zavjesa, paket sistema i ostalih proizvoda koji slu\u017ee za ure\u0111enje Va\u0161eg doma. Zavjese i dekore \u0161ivamo prema va\u0161im mjerama. Na Va\u0161 poziv besplatno dolazimo u Va\u0161 dom, te u dogovoru sa Vama predla\u017eemo izbor zavjesa i karni\u0161a koji \u0107e se najbolje uklopiti u Va\u0161 prostor. Obratite nam se sa punim povjerenjem.<\/p>\t\t\t\t\t\t\t\t<\/div>\n\t\t\t\t<\/div>\n\t\t\t\t<div class=\"elementor-element elementor-element-8fb6f1b elementor-align-center elementor-widget elementor-widget-button\" data-id=\"8fb6f1b\" data-element_type=\"widget\" data-e-type=\"widget\" data-widget_type=\"button.default\">\n\t\t\t\t<div class=\"elementor-widget-container\">\n\t\t\t\t\t\t\t\t\t<div class=\"elementor-button-wrapper\">\n\t\t\t\t\t<a class=\"elementor-button elementor-button-link elementor-size-sm\" href=\"\">\n\t\t\t\t\t\t<span class=\"elementor-button-content-wrapper\">\n\t\t\t\t\t\t\t\t\t<span class=\"elementor-button-text\">Saznaj vi\u0161e <\/span>\n\t\t\t\t\t<\/span>\n\t\t\t\t\t<\/a>\n\t\t\t\t<\/div>\n\t\t\t\t\t\t\t\t<\/div>\n\t\t\t\t<\/div>\n\t\t\t\t<\/div>\n\t\t\t\t<\/div>\n\t\t\t\t<\/div>\n\t\t\t\t<\/div>\n\t\t","protected":false},"excerpt":{"rendered":"<p>O nama Salon zavjesa \u201eProfeta\u201c na tr\u017ei\u0161tu posluje od 2003. godine. Od otvorenja pa sve do danas svojim savjetima i proizvodima uredili smo mnogobrojna ku\u0107anstva i poslovne prostore. Zavjese su posljednji detalj u ure\u0111enju Va\u0161eg prostora, te \u0107e pravilan izbor zavjesa u\u010diniti Va\u0161 dom ili poslovni prostor ugodnim za \u017eivot. Nudimo veliki izbor zavjesa, karni\u0161a, &#8230; <a title=\"Naslovna\" class=\"read-more\" href=\"https:\/\/zavjeseprofeta.hr\/\" aria-label=\"Read more about Naslovna\">Read more<\/a><\/p>\n","protected":false},"author":1,"featured_media":0,"parent":0,"menu_order":0,"comment_status":"closed","ping_status":"closed","template":"elementor_header_footer","meta":{"footnotes":""},"class_list":["post-9","page","type-page","status-publish"],"yoast_head":"<!-- This site is optimized with the Yoast SEO plugin v27.3 - https:\/\/yoast.com\/product\/yoast-seo-wordpress\/ -->\n<title>Naslovna - Salon zavjesa Profeta<\/title>\n<meta name=\"robots\" content=\"index, follow, max-snippet:-1, max-image-preview:large, max-video-preview:-1\" \/>\n<link rel=\"canonical\" href=\"https:\/\/zavjeseprofeta.hr\/\" \/>\n<meta property=\"og:locale\" content=\"en_US\" \/>\n<meta property=\"og:type\" content=\"article\" \/>\n<meta property=\"og:title\" content=\"Naslovna - Salon zavjesa Profeta\" \/>\n<meta property=\"og:description\" content=\"O nama Salon zavjesa \u201eProfeta\u201c na tr\u017ei\u0161tu posluje od 2003. godine. Od otvorenja pa sve do danas svojim savjetima i proizvodima uredili smo mnogobrojna ku\u0107anstva i poslovne prostore. Zavjese su posljednji detalj u ure\u0111enju Va\u0161eg prostora, te \u0107e pravilan izbor zavjesa u\u010diniti Va\u0161 dom ili poslovni prostor ugodnim za \u017eivot. Nudimo veliki izbor zavjesa, karni\u0161a, ... Read more\" \/>\n<meta property=\"og:url\" content=\"https:\/\/zavjeseprofeta.hr\/\" \/>\n<meta property=\"og:site_name\" content=\"Salon zavjesa Profeta\" \/>\n<meta property=\"article:modified_time\" content=\"2026-03-03T23:04:05+00:00\" \/>\n<meta property=\"og:image\" content=\"https:\/\/zavjeseprofeta.hr\/wp-content\/uploads\/2024\/08\/20220412_114820-2048x1536.jpg\" \/>\n<meta name=\"twitter:card\" content=\"summary_large_image\" \/>\n<meta name=\"twitter:label1\" content=\"Est. reading time\" \/>\n\t<meta name=\"twitter:data1\" content=\"3 minutes\" \/>\n<script type=\"application\/ld+json\" class=\"yoast-schema-graph\">{\"@context\":\"https:\\\/\\\/schema.org\",\"@graph\":[{\"@type\":\"WebPage\",\"@id\":\"https:\\\/\\\/zavjeseprofeta.hr\\\/\",\"url\":\"https:\\\/\\\/zavjeseprofeta.hr\\\/\",\"name\":\"Naslovna - Salon zavjesa Profeta\",\"isPartOf\":{\"@id\":\"https:\\\/\\\/zavjeseprofeta.hr\\\/#website\"},\"primaryImageOfPage\":{\"@id\":\"https:\\\/\\\/zavjeseprofeta.hr\\\/#primaryimage\"},\"image\":{\"@id\":\"https:\\\/\\\/zavjeseprofeta.hr\\\/#primaryimage\"},\"thumbnailUrl\":\"https:\\\/\\\/zavjeseprofeta.hr\\\/wp-content\\\/uploads\\\/2024\\\/08\\\/20220412_114820-2048x1536.jpg\",\"datePublished\":\"2024-08-25T19:42:20+00:00\",\"dateModified\":\"2026-03-03T23:04:05+00:00\",\"breadcrumb\":{\"@id\":\"https:\\\/\\\/zavjeseprofeta.hr\\\/#breadcrumb\"},\"inLanguage\":\"en-US\",\"potentialAction\":[{\"@type\":\"ReadAction\",\"target\":[\"https:\\\/\\\/zavjeseprofeta.hr\\\/\"]}]},{\"@type\":\"ImageObject\",\"inLanguage\":\"en-US\",\"@id\":\"https:\\\/\\\/zavjeseprofeta.hr\\\/#primaryimage\",\"url\":\"https:\\\/\\\/zavjeseprofeta.hr\\\/wp-content\\\/uploads\\\/2024\\\/08\\\/20220412_114820-scaled.jpg\",\"contentUrl\":\"https:\\\/\\\/zavjeseprofeta.hr\\\/wp-content\\\/uploads\\\/2024\\\/08\\\/20220412_114820-scaled.jpg\",\"width\":2560,\"height\":1920},{\"@type\":\"BreadcrumbList\",\"@id\":\"https:\\\/\\\/zavjeseprofeta.hr\\\/#breadcrumb\",\"itemListElement\":[{\"@type\":\"ListItem\",\"position\":1,\"name\":\"Home\",\"item\":\"https:\\\/\\\/zavjeseprofeta.hr\\\/\"},{\"@type\":\"ListItem\",\"position\":2,\"name\":\"Naslovna\"}]},{\"@type\":\"WebSite\",\"@id\":\"https:\\\/\\\/zavjeseprofeta.hr\\\/#website\",\"url\":\"https:\\\/\\\/zavjeseprofeta.hr\\\/\",\"name\":\"Salon zavjesa Profeta\",\"description\":\"Salon zavjesa Profeta\",\"publisher\":{\"@id\":\"https:\\\/\\\/zavjeseprofeta.hr\\\/#organization\"},\"potentialAction\":[{\"@type\":\"SearchAction\",\"target\":{\"@type\":\"EntryPoint\",\"urlTemplate\":\"https:\\\/\\\/zavjeseprofeta.hr\\\/?s={search_term_string}\"},\"query-input\":{\"@type\":\"PropertyValueSpecification\",\"valueRequired\":true,\"valueName\":\"search_term_string\"}}],\"inLanguage\":\"en-US\"},{\"@type\":\"Organization\",\"@id\":\"https:\\\/\\\/zavjeseprofeta.hr\\\/#organization\",\"name\":\"Salon zavjesa Profeta\",\"url\":\"https:\\\/\\\/zavjeseprofeta.hr\\\/\",\"logo\":{\"@type\":\"ImageObject\",\"inLanguage\":\"en-US\",\"@id\":\"https:\\\/\\\/zavjeseprofeta.hr\\\/#\\\/schema\\\/logo\\\/image\\\/\",\"url\":\"https:\\\/\\\/zavjeseprofeta.hr\\\/wp-content\\\/uploads\\\/2024\\\/08\\\/veliki-logog.png\",\"contentUrl\":\"https:\\\/\\\/zavjeseprofeta.hr\\\/wp-content\\\/uploads\\\/2024\\\/08\\\/veliki-logog.png\",\"width\":612,\"height\":78,\"caption\":\"Salon zavjesa Profeta\"},\"image\":{\"@id\":\"https:\\\/\\\/zavjeseprofeta.hr\\\/#\\\/schema\\\/logo\\\/image\\\/\"}}]}<\/script>\n<!-- \/ Yoast SEO plugin. -->","yoast_head_json":{"title":"Naslovna - Salon zavjesa Profeta","robots":{"index":"index","follow":"follow","max-snippet":"max-snippet:-1","max-image-preview":"max-image-preview:large","max-video-preview":"max-video-preview:-1"},"canonical":"https:\/\/zavjeseprofeta.hr\/","og_locale":"en_US","og_type":"article","og_title":"Naslovna - Salon zavjesa Profeta","og_description":"O nama Salon zavjesa \u201eProfeta\u201c na tr\u017ei\u0161tu posluje od 2003. godine. Od otvorenja pa sve do danas svojim savjetima i proizvodima uredili smo mnogobrojna ku\u0107anstva i poslovne prostore. Zavjese su posljednji detalj u ure\u0111enju Va\u0161eg prostora, te \u0107e pravilan izbor zavjesa u\u010diniti Va\u0161 dom ili poslovni prostor ugodnim za \u017eivot. Nudimo veliki izbor zavjesa, karni\u0161a, ... Read more","og_url":"https:\/\/zavjeseprofeta.hr\/","og_site_name":"Salon zavjesa Profeta","article_modified_time":"2026-03-03T23:04:05+00:00","og_image":[{"url":"https:\/\/zavjeseprofeta.hr\/wp-content\/uploads\/2024\/08\/20220412_114820-2048x1536.jpg","type":"","width":"","height":""}],"twitter_card":"summary_large_image","twitter_misc":{"Est. reading time":"3 minutes"},"schema":{"@context":"https:\/\/schema.org","@graph":[{"@type":"WebPage","@id":"https:\/\/zavjeseprofeta.hr\/","url":"https:\/\/zavjeseprofeta.hr\/","name":"Naslovna - Salon zavjesa Profeta","isPartOf":{"@id":"https:\/\/zavjeseprofeta.hr\/#website"},"primaryImageOfPage":{"@id":"https:\/\/zavjeseprofeta.hr\/#primaryimage"},"image":{"@id":"https:\/\/zavjeseprofeta.hr\/#primaryimage"},"thumbnailUrl":"https:\/\/zavjeseprofeta.hr\/wp-content\/uploads\/2024\/08\/20220412_114820-2048x1536.jpg","datePublished":"2024-08-25T19:42:20+00:00","dateModified":"2026-03-03T23:04:05+00:00","breadcrumb":{"@id":"https:\/\/zavjeseprofeta.hr\/#breadcrumb"},"inLanguage":"en-US","potentialAction":[{"@type":"ReadAction","target":["https:\/\/zavjeseprofeta.hr\/"]}]},{"@type":"ImageObject","inLanguage":"en-US","@id":"https:\/\/zavjeseprofeta.hr\/#primaryimage","url":"https:\/\/zavjeseprofeta.hr\/wp-content\/uploads\/2024\/08\/20220412_114820-scaled.jpg","contentUrl":"https:\/\/zavjeseprofeta.hr\/wp-content\/uploads\/2024\/08\/20220412_114820-scaled.jpg","width":2560,"height":1920},{"@type":"BreadcrumbList","@id":"https:\/\/zavjeseprofeta.hr\/#breadcrumb","itemListElement":[{"@type":"ListItem","position":1,"name":"Home","item":"https:\/\/zavjeseprofeta.hr\/"},{"@type":"ListItem","position":2,"name":"Naslovna"}]},{"@type":"WebSite","@id":"https:\/\/zavjeseprofeta.hr\/#website","url":"https:\/\/zavjeseprofeta.hr\/","name":"Salon zavjesa Profeta","description":"Salon zavjesa Profeta","publisher":{"@id":"https:\/\/zavjeseprofeta.hr\/#organization"},"potentialAction":[{"@type":"SearchAction","target":{"@type":"EntryPoint","urlTemplate":"https:\/\/zavjeseprofeta.hr\/?s={search_term_string}"},"query-input":{"@type":"PropertyValueSpecification","valueRequired":true,"valueName":"search_term_string"}}],"inLanguage":"en-US"},{"@type":"Organization","@id":"https:\/\/zavjeseprofeta.hr\/#organization","name":"Salon zavjesa Profeta","url":"https:\/\/zavjeseprofeta.hr\/","logo":{"@type":"ImageObject","inLanguage":"en-US","@id":"https:\/\/zavjeseprofeta.hr\/#\/schema\/logo\/image\/","url":"https:\/\/zavjeseprofeta.hr\/wp-content\/uploads\/2024\/08\/veliki-logog.png","contentUrl":"https:\/\/zavjeseprofeta.hr\/wp-content\/uploads\/2024\/08\/veliki-logog.png","width":612,"height":78,"caption":"Salon zavjesa Profeta"},"image":{"@id":"https:\/\/zavjeseprofeta.hr\/#\/schema\/logo\/image\/"}}]}},"_links":{"self":[{"href":"https:\/\/zavjeseprofeta.hr\/index.php\/wp-json\/wp\/v2\/pages\/9","targetHints":{"allow":["GET"]}}],"collection":[{"href":"https:\/\/zavjeseprofeta.hr\/index.php\/wp-json\/wp\/v2\/pages"}],"about":[{"href":"https:\/\/zavjeseprofeta.hr\/index.php\/wp-json\/wp\/v2\/types\/page"}],"author":[{"embeddable":true,"href":"https:\/\/zavjeseprofeta.hr\/index.php\/wp-json\/wp\/v2\/users\/1"}],"replies":[{"embeddable":true,"href":"https:\/\/zavjeseprofeta.hr\/index.php\/wp-json\/wp\/v2\/comments?post=9"}],"version-history":[{"count":55,"href":"https:\/\/zavjeseprofeta.hr\/index.php\/wp-json\/wp\/v2\/pages\/9\/revisions"}],"predecessor-version":[{"id":216,"href":"https:\/\/zavjeseprofeta.hr\/index.php\/wp-json\/wp\/v2\/pages\/9\/revisions\/216"}],"wp:attachment":[{"href":"https:\/\/zavjeseprofeta.hr\/index.php\/wp-json\/wp\/v2\/media?parent=9"}],"curies":[{"name":"wp","href":"https:\/\/api.w.org\/{rel}","templated":true}]}}