{"id":49,"date":"2024-09-27T09:11:54","date_gmt":"2024-09-27T09:11:54","guid":{"rendered":"https:\/\/zavjeseprofeta.hr\/?page_id=49"},"modified":"2024-09-30T20:07:04","modified_gmt":"2024-09-30T20:07:04","slug":"o-nama","status":"publish","type":"page","link":"https:\/\/zavjeseprofeta.hr\/index.php\/o-nama\/","title":{"rendered":"O nama"},"content":{"rendered":"\t\t<div data-elementor-type=\"wp-page\" data-elementor-id=\"49\" class=\"elementor elementor-49\">\n\t\t\t\t<div class=\"elementor-element elementor-element-d0b7879 e-con-full e-flex e-con e-parent\" data-id=\"d0b7879\" data-element_type=\"container\" data-e-type=\"container\">\n\t\t<div class=\"elementor-element elementor-element-84f2953 e-con-full e-flex e-con e-child\" data-id=\"84f2953\" data-element_type=\"container\" data-e-type=\"container\">\n\t\t\t\t<div class=\"elementor-element elementor-element-06d90e4 elementor-widget elementor-widget-image\" data-id=\"06d90e4\" data-element_type=\"widget\" data-e-type=\"widget\" data-widget_type=\"image.default\">\n\t\t\t\t<div class=\"elementor-widget-container\">\n\t\t\t\t\t\t\t\t\t\t\t\t\t\t\t<img fetchpriority=\"high\" decoding=\"async\" width=\"1024\" height=\"576\" src=\"https:\/\/zavjeseprofeta.hr\/wp-content\/uploads\/2024\/09\/salon-zavjesa-profeta-1024x576.jpg\" class=\"attachment-large size-large wp-image-47\" alt=\"\" srcset=\"https:\/\/zavjeseprofeta.hr\/wp-content\/uploads\/2024\/09\/salon-zavjesa-profeta-1024x576.jpg 1024w, https:\/\/zavjeseprofeta.hr\/wp-content\/uploads\/2024\/09\/salon-zavjesa-profeta-300x169.jpg 300w, https:\/\/zavjeseprofeta.hr\/wp-content\/uploads\/2024\/09\/salon-zavjesa-profeta-768x432.jpg 768w, https:\/\/zavjeseprofeta.hr\/wp-content\/uploads\/2024\/09\/salon-zavjesa-profeta-1536x864.jpg 1536w, https:\/\/zavjeseprofeta.hr\/wp-content\/uploads\/2024\/09\/salon-zavjesa-profeta.jpg 2048w\" sizes=\"(max-width: 1024px) 100vw, 1024px\" \/>\t\t\t\t\t\t\t\t\t\t\t\t\t\t\t<\/div>\n\t\t\t\t<\/div>\n\t\t\t\t<\/div>\n\t\t<div class=\"elementor-element elementor-element-1cd4b09 e-con-full e-flex e-con e-child\" data-id=\"1cd4b09\" data-element_type=\"container\" data-e-type=\"container\">\n\t\t\t\t<div class=\"elementor-element elementor-element-bc2349f elementor-widget elementor-widget-text-editor\" data-id=\"bc2349f\" data-element_type=\"widget\" data-e-type=\"widget\" data-widget_type=\"text-editor.default\">\n\t\t\t\t<div class=\"elementor-widget-container\">\n\t\t\t\t\t\t\t\t\t<p><span style=\"color: var( --e-global-color-text ); font-family: var( --e-global-typography-text-font-family ), Sans-serif; font-weight: var( --e-global-typography-text-font-weight ); text-align: var(--text-align); background-color: var(--base-2);\"><br><\/span><\/p><p><span style=\"color: var( --e-global-color-text ); font-family: var( --e-global-typography-text-font-family ), Sans-serif; font-weight: var( --e-global-typography-text-font-weight ); text-align: var(--text-align); background-color: var(--base-2);\">Salon zavjesa \u201eProfeta\u201c na tr\u017ei\u0161tu posluje od 2003. godine. Od otvorenja pa sve do danas svojim savjetima i proizvodima uredili smo mnogobrojna ku\u0107anstva i poslovne prostore. Zavjese su posljednji detalj u ure\u0111enju Va\u0161eg prostora, te \u0107e pravilan izbor zavjesa u\u010diniti Va\u0161 dom ili poslovni prostor ugodnim za \u017eivot. Nudimo veliki izbor zavjesa, karni\u0161a, dekora, alu \u017ealuzina, trakastih zavjesa, panel zavjesa, paket sistema i ostalih proizvoda koji slu\u017ee za ure\u0111enje Va\u0161eg doma. Zavjese i dekore \u0161ivamo prema va\u0161im mjerama. Na Va\u0161 poziv besplatno dolazimo u Va\u0161 dom, te u dogovoru sa Vama predla\u017eemo izbor zavjesa i karni\u0161a koji \u0107e se najbolje uklopiti u Va\u0161 prostor. Obratite nam se sa punim povjerenjem.<\/span><br><\/p>\t\t\t\t\t\t\t\t<\/div>\n\t\t\t\t<\/div>\n\t\t\t\t<\/div>\n\t\t\t\t<\/div>\n\t\t\t\t<\/div>\n\t\t","protected":false},"excerpt":{"rendered":"<p>Salon zavjesa \u201eProfeta\u201c na tr\u017ei\u0161tu posluje od 2003. godine. Od otvorenja pa sve do danas svojim savjetima i proizvodima uredili smo mnogobrojna ku\u0107anstva i poslovne prostore. Zavjese su posljednji detalj u ure\u0111enju Va\u0161eg prostora, te \u0107e pravilan izbor zavjesa u\u010diniti Va\u0161 dom ili poslovni prostor ugodnim za \u017eivot. Nudimo veliki izbor zavjesa, karni\u0161a, dekora, alu &#8230; <a title=\"O nama\" class=\"read-more\" href=\"https:\/\/zavjeseprofeta.hr\/index.php\/o-nama\/\" aria-label=\"Read more about O nama\">Read more<\/a><\/p>\n","protected":false},"author":1,"featured_media":0,"parent":0,"menu_order":0,"comment_status":"closed","ping_status":"closed","template":"elementor_header_footer","meta":{"footnotes":""},"class_list":["post-49","page","type-page","status-publish"],"yoast_head":"<!-- This site is optimized with the Yoast SEO plugin v27.3 - https:\/\/yoast.com\/product\/yoast-seo-wordpress\/ -->\n<title>O nama - Salon zavjesa Profeta<\/title>\n<meta name=\"robots\" content=\"index, follow, max-snippet:-1, max-image-preview:large, max-video-preview:-1\" \/>\n<link rel=\"canonical\" href=\"https:\/\/zavjeseprofeta.hr\/index.php\/o-nama\/\" \/>\n<meta property=\"og:locale\" content=\"en_US\" \/>\n<meta property=\"og:type\" content=\"article\" \/>\n<meta property=\"og:title\" content=\"O nama - Salon zavjesa Profeta\" \/>\n<meta property=\"og:description\" content=\"Salon zavjesa \u201eProfeta\u201c na tr\u017ei\u0161tu posluje od 2003. godine. Od otvorenja pa sve do danas svojim savjetima i proizvodima uredili smo mnogobrojna ku\u0107anstva i poslovne prostore. Zavjese su posljednji detalj u ure\u0111enju Va\u0161eg prostora, te \u0107e pravilan izbor zavjesa u\u010diniti Va\u0161 dom ili poslovni prostor ugodnim za \u017eivot. Nudimo veliki izbor zavjesa, karni\u0161a, dekora, alu ... Read more\" \/>\n<meta property=\"og:url\" content=\"https:\/\/zavjeseprofeta.hr\/index.php\/o-nama\/\" \/>\n<meta property=\"og:site_name\" content=\"Salon zavjesa Profeta\" \/>\n<meta property=\"article:modified_time\" content=\"2024-09-30T20:07:04+00:00\" \/>\n<meta property=\"og:image\" content=\"https:\/\/zavjeseprofeta.hr\/wp-content\/uploads\/2024\/09\/salon-zavjesa-profeta-1024x576.jpg\" \/>\n<meta name=\"twitter:card\" content=\"summary_large_image\" \/>\n<meta name=\"twitter:label1\" content=\"Est. reading time\" \/>\n\t<meta name=\"twitter:data1\" content=\"1 minute\" \/>\n<script type=\"application\/ld+json\" class=\"yoast-schema-graph\">{\"@context\":\"https:\\\/\\\/schema.org\",\"@graph\":[{\"@type\":\"WebPage\",\"@id\":\"https:\\\/\\\/zavjeseprofeta.hr\\\/index.php\\\/o-nama\\\/\",\"url\":\"https:\\\/\\\/zavjeseprofeta.hr\\\/index.php\\\/o-nama\\\/\",\"name\":\"O nama - Salon zavjesa Profeta\",\"isPartOf\":{\"@id\":\"https:\\\/\\\/zavjeseprofeta.hr\\\/#website\"},\"primaryImageOfPage\":{\"@id\":\"https:\\\/\\\/zavjeseprofeta.hr\\\/index.php\\\/o-nama\\\/#primaryimage\"},\"image\":{\"@id\":\"https:\\\/\\\/zavjeseprofeta.hr\\\/index.php\\\/o-nama\\\/#primaryimage\"},\"thumbnailUrl\":\"https:\\\/\\\/zavjeseprofeta.hr\\\/wp-content\\\/uploads\\\/2024\\\/09\\\/salon-zavjesa-profeta-1024x576.jpg\",\"datePublished\":\"2024-09-27T09:11:54+00:00\",\"dateModified\":\"2024-09-30T20:07:04+00:00\",\"breadcrumb\":{\"@id\":\"https:\\\/\\\/zavjeseprofeta.hr\\\/index.php\\\/o-nama\\\/#breadcrumb\"},\"inLanguage\":\"en-US\",\"potentialAction\":[{\"@type\":\"ReadAction\",\"target\":[\"https:\\\/\\\/zavjeseprofeta.hr\\\/index.php\\\/o-nama\\\/\"]}]},{\"@type\":\"ImageObject\",\"inLanguage\":\"en-US\",\"@id\":\"https:\\\/\\\/zavjeseprofeta.hr\\\/index.php\\\/o-nama\\\/#primaryimage\",\"url\":\"https:\\\/\\\/zavjeseprofeta.hr\\\/wp-content\\\/uploads\\\/2024\\\/09\\\/salon-zavjesa-profeta.jpg\",\"contentUrl\":\"https:\\\/\\\/zavjeseprofeta.hr\\\/wp-content\\\/uploads\\\/2024\\\/09\\\/salon-zavjesa-profeta.jpg\",\"width\":2048,\"height\":1152},{\"@type\":\"BreadcrumbList\",\"@id\":\"https:\\\/\\\/zavjeseprofeta.hr\\\/index.php\\\/o-nama\\\/#breadcrumb\",\"itemListElement\":[{\"@type\":\"ListItem\",\"position\":1,\"name\":\"Home\",\"item\":\"https:\\\/\\\/zavjeseprofeta.hr\\\/\"},{\"@type\":\"ListItem\",\"position\":2,\"name\":\"O nama\"}]},{\"@type\":\"WebSite\",\"@id\":\"https:\\\/\\\/zavjeseprofeta.hr\\\/#website\",\"url\":\"https:\\\/\\\/zavjeseprofeta.hr\\\/\",\"name\":\"Salon zavjesa Profeta\",\"description\":\"Salon zavjesa Profeta\",\"publisher\":{\"@id\":\"https:\\\/\\\/zavjeseprofeta.hr\\\/#organization\"},\"potentialAction\":[{\"@type\":\"SearchAction\",\"target\":{\"@type\":\"EntryPoint\",\"urlTemplate\":\"https:\\\/\\\/zavjeseprofeta.hr\\\/?s={search_term_string}\"},\"query-input\":{\"@type\":\"PropertyValueSpecification\",\"valueRequired\":true,\"valueName\":\"search_term_string\"}}],\"inLanguage\":\"en-US\"},{\"@type\":\"Organization\",\"@id\":\"https:\\\/\\\/zavjeseprofeta.hr\\\/#organization\",\"name\":\"Salon zavjesa Profeta\",\"url\":\"https:\\\/\\\/zavjeseprofeta.hr\\\/\",\"logo\":{\"@type\":\"ImageObject\",\"inLanguage\":\"en-US\",\"@id\":\"https:\\\/\\\/zavjeseprofeta.hr\\\/#\\\/schema\\\/logo\\\/image\\\/\",\"url\":\"https:\\\/\\\/zavjeseprofeta.hr\\\/wp-content\\\/uploads\\\/2024\\\/08\\\/veliki-logog.png\",\"contentUrl\":\"https:\\\/\\\/zavjeseprofeta.hr\\\/wp-content\\\/uploads\\\/2024\\\/08\\\/veliki-logog.png\",\"width\":612,\"height\":78,\"caption\":\"Salon zavjesa Profeta\"},\"image\":{\"@id\":\"https:\\\/\\\/zavjeseprofeta.hr\\\/#\\\/schema\\\/logo\\\/image\\\/\"}}]}<\/script>\n<!-- \/ Yoast SEO plugin. -->","yoast_head_json":{"title":"O nama - Salon zavjesa Profeta","robots":{"index":"index","follow":"follow","max-snippet":"max-snippet:-1","max-image-preview":"max-image-preview:large","max-video-preview":"max-video-preview:-1"},"canonical":"https:\/\/zavjeseprofeta.hr\/index.php\/o-nama\/","og_locale":"en_US","og_type":"article","og_title":"O nama - Salon zavjesa Profeta","og_description":"Salon zavjesa \u201eProfeta\u201c na tr\u017ei\u0161tu posluje od 2003. godine. Od otvorenja pa sve do danas svojim savjetima i proizvodima uredili smo mnogobrojna ku\u0107anstva i poslovne prostore. Zavjese su posljednji detalj u ure\u0111enju Va\u0161eg prostora, te \u0107e pravilan izbor zavjesa u\u010diniti Va\u0161 dom ili poslovni prostor ugodnim za \u017eivot. Nudimo veliki izbor zavjesa, karni\u0161a, dekora, alu ... Read more","og_url":"https:\/\/zavjeseprofeta.hr\/index.php\/o-nama\/","og_site_name":"Salon zavjesa Profeta","article_modified_time":"2024-09-30T20:07:04+00:00","og_image":[{"url":"https:\/\/zavjeseprofeta.hr\/wp-content\/uploads\/2024\/09\/salon-zavjesa-profeta-1024x576.jpg","type":"","width":"","height":""}],"twitter_card":"summary_large_image","twitter_misc":{"Est. reading time":"1 minute"},"schema":{"@context":"https:\/\/schema.org","@graph":[{"@type":"WebPage","@id":"https:\/\/zavjeseprofeta.hr\/index.php\/o-nama\/","url":"https:\/\/zavjeseprofeta.hr\/index.php\/o-nama\/","name":"O nama - Salon zavjesa Profeta","isPartOf":{"@id":"https:\/\/zavjeseprofeta.hr\/#website"},"primaryImageOfPage":{"@id":"https:\/\/zavjeseprofeta.hr\/index.php\/o-nama\/#primaryimage"},"image":{"@id":"https:\/\/zavjeseprofeta.hr\/index.php\/o-nama\/#primaryimage"},"thumbnailUrl":"https:\/\/zavjeseprofeta.hr\/wp-content\/uploads\/2024\/09\/salon-zavjesa-profeta-1024x576.jpg","datePublished":"2024-09-27T09:11:54+00:00","dateModified":"2024-09-30T20:07:04+00:00","breadcrumb":{"@id":"https:\/\/zavjeseprofeta.hr\/index.php\/o-nama\/#breadcrumb"},"inLanguage":"en-US","potentialAction":[{"@type":"ReadAction","target":["https:\/\/zavjeseprofeta.hr\/index.php\/o-nama\/"]}]},{"@type":"ImageObject","inLanguage":"en-US","@id":"https:\/\/zavjeseprofeta.hr\/index.php\/o-nama\/#primaryimage","url":"https:\/\/zavjeseprofeta.hr\/wp-content\/uploads\/2024\/09\/salon-zavjesa-profeta.jpg","contentUrl":"https:\/\/zavjeseprofeta.hr\/wp-content\/uploads\/2024\/09\/salon-zavjesa-profeta.jpg","width":2048,"height":1152},{"@type":"BreadcrumbList","@id":"https:\/\/zavjeseprofeta.hr\/index.php\/o-nama\/#breadcrumb","itemListElement":[{"@type":"ListItem","position":1,"name":"Home","item":"https:\/\/zavjeseprofeta.hr\/"},{"@type":"ListItem","position":2,"name":"O nama"}]},{"@type":"WebSite","@id":"https:\/\/zavjeseprofeta.hr\/#website","url":"https:\/\/zavjeseprofeta.hr\/","name":"Salon zavjesa Profeta","description":"Salon zavjesa Profeta","publisher":{"@id":"https:\/\/zavjeseprofeta.hr\/#organization"},"potentialAction":[{"@type":"SearchAction","target":{"@type":"EntryPoint","urlTemplate":"https:\/\/zavjeseprofeta.hr\/?s={search_term_string}"},"query-input":{"@type":"PropertyValueSpecification","valueRequired":true,"valueName":"search_term_string"}}],"inLanguage":"en-US"},{"@type":"Organization","@id":"https:\/\/zavjeseprofeta.hr\/#organization","name":"Salon zavjesa Profeta","url":"https:\/\/zavjeseprofeta.hr\/","logo":{"@type":"ImageObject","inLanguage":"en-US","@id":"https:\/\/zavjeseprofeta.hr\/#\/schema\/logo\/image\/","url":"https:\/\/zavjeseprofeta.hr\/wp-content\/uploads\/2024\/08\/veliki-logog.png","contentUrl":"https:\/\/zavjeseprofeta.hr\/wp-content\/uploads\/2024\/08\/veliki-logog.png","width":612,"height":78,"caption":"Salon zavjesa Profeta"},"image":{"@id":"https:\/\/zavjeseprofeta.hr\/#\/schema\/logo\/image\/"}}]}},"_links":{"self":[{"href":"https:\/\/zavjeseprofeta.hr\/index.php\/wp-json\/wp\/v2\/pages\/49","targetHints":{"allow":["GET"]}}],"collection":[{"href":"https:\/\/zavjeseprofeta.hr\/index.php\/wp-json\/wp\/v2\/pages"}],"about":[{"href":"https:\/\/zavjeseprofeta.hr\/index.php\/wp-json\/wp\/v2\/types\/page"}],"author":[{"embeddable":true,"href":"https:\/\/zavjeseprofeta.hr\/index.php\/wp-json\/wp\/v2\/users\/1"}],"replies":[{"embeddable":true,"href":"https:\/\/zavjeseprofeta.hr\/index.php\/wp-json\/wp\/v2\/comments?post=49"}],"version-history":[{"count":4,"href":"https:\/\/zavjeseprofeta.hr\/index.php\/wp-json\/wp\/v2\/pages\/49\/revisions"}],"predecessor-version":[{"id":76,"href":"https:\/\/zavjeseprofeta.hr\/index.php\/wp-json\/wp\/v2\/pages\/49\/revisions\/76"}],"wp:attachment":[{"href":"https:\/\/zavjeseprofeta.hr\/index.php\/wp-json\/wp\/v2\/media?parent=49"}],"curies":[{"name":"wp","href":"https:\/\/api.w.org\/{rel}","templated":true}]}}